{"id":30,"date":"2024-07-06T11:17:51","date_gmt":"2024-07-06T09:17:51","guid":{"rendered":"https:\/\/vs-arnoldstein.ksn.at\/v2\/?page_id=30"},"modified":"2025-04-28T14:56:24","modified_gmt":"2025-04-28T12:56:24","slug":"einschulung","status":"publish","type":"page","link":"https:\/\/vs-arnoldstein.ksn.at\/v2\/einschulung\/","title":{"rendered":"Einschulung"},"content":{"rendered":"\n<p class=\"has-base-color has-secondary-background-color has-text-color has-background has-link-color wp-elements-8e091ef8ee81da19e76f2d8820c74ac7\">Die Einschulung ist ein bedeutender Meilenstein im Leben jedes Kindes und sowohl f\u00fcr die Kinder, als auch die Eltern ein aufregendes Ereignis.<br>Um einen guten Start zu erleichtern, haben wir hier alle wichtigen Informationen rund um diesen besonderen Tag f\u00fcr Sie zusammengestellt.<\/p>\n\n\n\n<h2 class=\"wp-block-heading has-medium-font-size\"><strong>Schuleinschreibung<\/strong><\/h2>\n\n\n\n<p>Alle Eltern erhalten einen Brief, der zur Einschreibung in die Schule einl\u00e4dt. Diese findet in unseren R\u00e4umlichkeiten statt und gibt Ihnen und Ihrem Kind einen ersten Einblick in unser Schulumfeld. Bei der Einschreibung wird Ihr Kind spielerisch am Tablet einen standardisierten Schulreifetest durchf\u00fchren. Gleichzeitig kl\u00e4ren wir mit Ihnen notwendige Formalit\u00e4ten. Die Details dazu, was Sie zur Einschreibung mitbringen m\u00fcssen, finden Sie im Brief. <br>Um Ihnen und Ihrem Kind den Einstieg zu erleichtern, bieten wir au\u00dferdem Schnuppertage an, bei denen Kinder, die einen Kindergarten in unserer Gemeinde besuchen, bereits vorab die Schule kennenlernen k\u00f6nnen.<\/p>\n\n\n\n<h2 class=\"wp-block-heading has-medium-font-size\"><strong>Sprachangebot<\/strong><\/h2>\n\n\n\n<p class=\"has-medium-font-size\">Wir bieten verschiedene Sprachen an. Bitte \u00fcberlegen Sie sich bereits vorher, f\u00fcr welche Zweitsprache (Slowenisch, Italienisch oder Englisch) Sie Ihr Kind anmelden m\u00f6chten. Unsere Slowenischklassen werden den gesamten Tag \u00fcber zweisprachig gef\u00fchrt, w\u00e4hrend in den Italienisch- und Englischklassen sprachliche \u00dcbungen in den Schulalltag eingebaut werden (=integrativer Unterricht). Sowohl in der Slowenisch\u2013 als auch in der Italienischklasse, findet zus\u00e4tzlich Englischunterricht statt, der ab der 3. Klasse benotet wird. Beachten Sie bitte, dass nicht jedes Jahr alle Klassen zustande kommen und wir daher nicht garantieren k\u00f6nnen, dass Ihr Kind die gew\u00fcnschte Sprachklasse besuchen kann. Wir bem\u00fchen uns jedoch, Ihre W\u00fcnsche bestm\u00f6glich zu erf\u00fcllen.<\/p>\n\n\n\n<h2 class=\"wp-block-heading has-medium-font-size\"><strong>Vorbereitung auf den ersten Schultag<\/strong><\/h2>\n\n\n\n<p>Rechtzeitig vor Schulbeginn senden wir einen weiteren Brief mit Informationen zum Ablauf des ersten Schultages sowie eine Einkaufsliste f\u00fcr die ben\u00f6tigten Schulsachen. Wir versuchen, durch Sammeleink\u00e4ufe die meisten ben\u00f6tigten Materialien bereitzustellen. Am ersten Schultag treffen sich alle im Schulhof, wo die Lehrer Ihre Sch\u00fcler aufrufen und sie zu ihren Klassenzimmern begleiten. Neue Sch\u00fcler d\u00fcrfen von einem Elternteil begleitet werden. <br>Am ersten Schultag lernen Sie und ihr Kind die Lehrer und ihren Klassenraum kennen. W\u00e4hrend Ihr Kind die ersten Minuten in seiner neuen Klasse verbringt, werden wir mit Ihnen noch einige Formalit\u00e4ten kl\u00e4ren.<\/p>\n\n\n\n<h2 class=\"wp-block-heading has-medium-font-size\"><strong>Formalit\u00e4ten<\/strong><\/h2>\n\n\n\n<p>Am ersten Schultag kl\u00e4ren wir die Anmeldungen f\u00fcr die Nachmittagsbetreuung (B\u00dcM\/GTS) und ob Ihr Kind mit dem Bus anreist. Die Schule wird von den \u00f6ffentlichen Buslinien angefahren.&nbsp; Mit einem Freifahrtsschein kann Ihr Kind diesen das gesamte Schuljahr nahezu kostenfrei nutzen. Es ist lediglich ein einmaliger Kostenbeitrag von ungef\u00e4hr 20\u20ac einzubezahlen. Das entsprechende Formular wird Ihrem Kind bei Bedarf in den ersten Schultagen mitgegeben. An sonstigen Formalit\u00e4ten wird \u00fcblicherweise gekl\u00e4rt, ob Ihrem Kind im Falle eines atomaren Unfalls Kaliumiodid-Tabletten verabreicht werden d\u00fcrfen und Fragen zum Datenschutz (zB Verwendung von Fotos).<\/p>\n\n\n\n<h2 class=\"wp-block-heading has-medium-font-size\"><strong>Verkehrssituation<\/strong><\/h2>\n\n\n\n<p>Besonders zu Schulbeginn, aber idealerweise das ganze Jahr \u00fcber, m\u00f6chten wir Sie bitten, nach M\u00f6glichkeit Ihr Auto zuhause zu lassen, wenn Sie Ihre Kinder zur Schule bringen. Der Schulbeginn ist bereits eine aufregende Zeit f\u00fcr unsere Kinder, und der zus\u00e4tzliche Verkehr kann nicht nur Stress verursachen, sondern f\u00fchrt oft auch zu Parkplatzmangel rund um unsere Schule. <\/p>\n\n\n\n<p>Wenn Sie dennoch auf das Auto angewiesen sind, bitten wir Sie, besonders achtsam zu sein. Unsere Kinder sind aufgeregt und vergessen in ihrer Begeisterung manchmal die Verkehrsregeln, die sie gelernt haben. Planen Sie gen\u00fcgend Zeit f\u00fcr den Schulweg ein und parken Sie gro\u00dfz\u00fcgig entfernt, um die Sicherheit aller Kinder zu gew\u00e4hrleisten. Eine direkte Zufahrt zur Schule ist nicht m\u00f6glich; bitte parken Sie in der Nussallee und angrenzenden Nebenstra\u00dfen. Parken Sie bitte nicht bei den Wohnbl\u00f6cken hinter der Gemeinde!<\/p>\n\n\n\n<p><br>Zur Erh\u00f6hung der allgemeinen Verkehrssicherheit, kontrolliert die Polizei in den ersten Schulwochen besonders intensiv den Verkehr rund um das Schulgel\u00e4nde. Kontrollen finden aber auch unterm Schuljahr regelm\u00e4\u00dfig statt.<\/p>\n\n\n\n<h2 class=\"wp-block-heading has-medium-font-size\"><strong>Schulweg<\/strong><\/h2>\n\n\n\n<p>Die selbstst\u00e4ndige Bew\u00e4ltigung des Schulwegs ist ein wichtiger Schritt f\u00fcr Ihr Kind, um Selbstvertrauen und Unabh\u00e4ngigkeit zu entwickeln. Dies beginnt bereits mit der ersten Klasse. \u00dcben Sie den Schulweg mit Ihrem Kind bereits w\u00e4hrend der Ferien.<\/p>\n\n\n\n<p><br>Beginnen Sie mit gemeinsamen Spazierg\u00e4ngen zur Schule, bei denen Sie Ihrem Kind wichtige Verkehrssignale und sicheres Verhalten erkl\u00e4ren. Nat\u00fcrlich spricht nichts dagegen, wenn Sie Ihr Kind, die ersten Tage\/Wochen noch ganz bis zur Schule begleiten. Nutzen Sie die Gelegenheit, den Weg weiterhin aktiv zu \u00fcben. Lassen Sie sich von Ihrem Kind f\u00fchren oder erkl\u00e4ren, worauf es achtet. <\/p>\n\n\n\n<p>Nach und nach k\u00f6nnen Sie dann Teile des Weges Ihrem Kind allein \u00fcberlassen, wobei Sie es aus der Ferne beobachten. Dieser \u00dcbergang st\u00e4rkt nicht nur die Selbstst\u00e4ndigkeit Ihres Kindes, sondern f\u00f6rdert auch seine sozialen und kognitiven F\u00e4higkeiten. Es ist ein bedeutender Moment, der Stolz und vielleicht ein wenig Wehmut ausl\u00f6sen kann, wenn Sie sehen, wie Ihr Kind sicher und selbstbewusst seinen Schulweg meistert. Diese Erfahrung unterst\u00fctzt nicht nur die k\u00f6rperliche Aktivit\u00e4t durch t\u00e4gliche Bewegung, sondern bereitet Ihr Kind auch darauf vor, mit mehr Zuversicht und Selbstvertrauen in die Welt hinauszugehen.<\/p>\n\n\n\n<p><br>Sollte Ihr Kind bereits ein paar Minuten vor \u00d6ffnung der Schule ankommen, kann es im verkehrsgesch\u00fctzten Innenhof warten.<\/p>\n\n\n\n<div class=\"wp-block-media-text is-stacked-on-mobile\" style=\"grid-template-columns:32% auto\"><figure class=\"wp-block-media-text__media\"><img loading=\"lazy\" decoding=\"async\" width=\"768\" height=\"1024\" src=\"https:\/\/vs-arnoldstein.ksn.at\/v2\/wp-content\/uploads\/2024\/07\/Fundkiste-768x1024.jpg\" alt=\"\" class=\"wp-image-57 size-full\" srcset=\"https:\/\/vs-arnoldstein.ksn.at\/v2\/wp-content\/uploads\/2024\/07\/Fundkiste-768x1024.jpg 768w, https:\/\/vs-arnoldstein.ksn.at\/v2\/wp-content\/uploads\/2024\/07\/Fundkiste-225x300.jpg 225w, https:\/\/vs-arnoldstein.ksn.at\/v2\/wp-content\/uploads\/2024\/07\/Fundkiste-1152x1536.jpg 1152w, https:\/\/vs-arnoldstein.ksn.at\/v2\/wp-content\/uploads\/2024\/07\/Fundkiste-1536x2048.jpg 1536w, https:\/\/vs-arnoldstein.ksn.at\/v2\/wp-content\/uploads\/2024\/07\/Fundkiste-scaled.jpg 1920w\" sizes=\"auto, (max-width: 768px) 100vw, 768px\" \/><\/figure><div class=\"wp-block-media-text__content\">\n<h2 class=\"wp-block-heading has-medium-font-size\"><strong>Fundsachen<\/strong>:<\/h2>\n\n\n\n<p>Bitte beschriften Sie alle Schulsachen Ihres Kindes, um Verluste zu minimieren. <br>Wir haben Kisten, in welchen wir verlorene Gegenst\u00e4nde aufbewahren. Sollte Ihrem Kind etwas abhanden kommen, k\u00f6nnen Sie oder Ihr Kind dort danach suchen.<\/p>\n<\/div><\/div>\n\n\n\n<p>Wir freuen uns darauf, Sie und Ihr Kind bei uns zu begr\u00fc\u00dfen und gemeinsam einen spannenden neuen Lebensabschnitt zu beginnen!<\/p>\n\n\n\n<p><\/p>\n","protected":false},"excerpt":{"rendered":"<p>Die Einschulung ist ein bedeutender Meilenstein im Leben jedes Kindes und sowohl f\u00fcr die Kinder, als auch die Eltern ein aufregendes Ereignis.Um einen guten Start zu erleichtern, haben wir hier alle wichtigen Informationen rund um diesen besonderen Tag f\u00fcr Sie zusammengestellt. Schuleinschreibung Alle Eltern erhalten einen Brief, der zur Einschreibung in die Schule einl\u00e4dt. Diese [&hellip;]<\/p>\n","protected":false},"author":1,"featured_media":0,"parent":0,"menu_order":0,"comment_status":"closed","ping_status":"closed","template":"","meta":{"footnotes":""},"class_list":["post-30","page","type-page","status-publish","hentry"],"_links":{"self":[{"href":"https:\/\/vs-arnoldstein.ksn.at\/v2\/wp-json\/wp\/v2\/pages\/30","targetHints":{"allow":["GET"]}}],"collection":[{"href":"https:\/\/vs-arnoldstein.ksn.at\/v2\/wp-json\/wp\/v2\/pages"}],"about":[{"href":"https:\/\/vs-arnoldstein.ksn.at\/v2\/wp-json\/wp\/v2\/types\/page"}],"author":[{"embeddable":true,"href":"https:\/\/vs-arnoldstein.ksn.at\/v2\/wp-json\/wp\/v2\/users\/1"}],"replies":[{"embeddable":true,"href":"https:\/\/vs-arnoldstein.ksn.at\/v2\/wp-json\/wp\/v2\/comments?post=30"}],"version-history":[{"count":11,"href":"https:\/\/vs-arnoldstein.ksn.at\/v2\/wp-json\/wp\/v2\/pages\/30\/revisions"}],"predecessor-version":[{"id":385,"href":"https:\/\/vs-arnoldstein.ksn.at\/v2\/wp-json\/wp\/v2\/pages\/30\/revisions\/385"}],"wp:attachment":[{"href":"https:\/\/vs-arnoldstein.ksn.at\/v2\/wp-json\/wp\/v2\/media?parent=30"}],"curies":[{"name":"wp","href":"https:\/\/api.w.org\/{rel}","templated":true}]}}