{"id":297,"date":"2024-10-04T13:37:02","date_gmt":"2024-10-04T11:37:02","guid":{"rendered":"https:\/\/vs-arnoldstein.ksn.at\/v2\/?page_id=297"},"modified":"2025-05-05T14:48:10","modified_gmt":"2025-05-05T12:48:10","slug":"297-2","status":"publish","type":"page","link":"https:\/\/vs-arnoldstein.ksn.at\/v2\/297-2\/","title":{"rendered":""},"content":{"rendered":"<nav class=\"is-responsive wp-block-navigation is-layout-flex wp-block-navigation-is-layout-flex\" aria-label=\"Navigation 2\" \n\t\t data-wp-interactive=\"core\/navigation\" data-wp-context='{\"overlayOpenedBy\":{\"click\":false,\"hover\":false,\"focus\":false},\"type\":\"overlay\",\"roleAttribute\":\"\",\"ariaLabel\":\"Men\\u00fc\"}'><button aria-haspopup=\"dialog\" aria-label=\"Men\u00fc \u00f6ffnen\" class=\"wp-block-navigation__responsive-container-open\" \n\t\t\t\tdata-wp-on--click=\"actions.openMenuOnClick\"\n\t\t\t\tdata-wp-on--keydown=\"actions.handleMenuKeydown\"\n\t\t\t><svg width=\"24\" height=\"24\" xmlns=\"http:\/\/www.w3.org\/2000\/svg\" viewBox=\"0 0 24 24\" aria-hidden=\"true\" focusable=\"false\"><path d=\"M4 7.5h16v1.5H4z\"><\/path><path d=\"M4 15h16v1.5H4z\"><\/path><\/svg><\/button>\n\t\t\t\t<div class=\"wp-block-navigation__responsive-container\"  id=\"modal-1\" \n\t\t\t\tdata-wp-class--has-modal-open=\"state.isMenuOpen\"\n\t\t\t\tdata-wp-class--is-menu-open=\"state.isMenuOpen\"\n\t\t\t\tdata-wp-watch=\"callbacks.initMenu\"\n\t\t\t\tdata-wp-on--keydown=\"actions.handleMenuKeydown\"\n\t\t\t\tdata-wp-on--focusout=\"actions.handleMenuFocusout\"\n\t\t\t\ttabindex=\"-1\"\n\t\t\t>\n\t\t\t\t\t<div class=\"wp-block-navigation__responsive-close\" tabindex=\"-1\">\n\t\t\t\t\t\t<div class=\"wp-block-navigation__responsive-dialog\" \n\t\t\t\tdata-wp-bind--aria-modal=\"state.ariaModal\"\n\t\t\t\tdata-wp-bind--aria-label=\"state.ariaLabel\"\n\t\t\t\tdata-wp-bind--role=\"state.roleAttribute\"\n\t\t\t>\n\t\t\t\t\t\t\t<button aria-label=\"Men\u00fc schlie\u00dfen\" class=\"wp-block-navigation__responsive-container-close\" \n\t\t\t\tdata-wp-on--click=\"actions.closeMenuOnClick\"\n\t\t\t><svg xmlns=\"http:\/\/www.w3.org\/2000\/svg\" viewBox=\"0 0 24 24\" width=\"24\" height=\"24\" aria-hidden=\"true\" focusable=\"false\"><path d=\"m13.06 12 6.47-6.47-1.06-1.06L12 10.94 5.53 4.47 4.47 5.53 10.94 12l-6.47 6.47 1.06 1.06L12 13.06l6.47 6.47 1.06-1.06L13.06 12Z\"><\/path><\/svg><\/button>\n\t\t\t\t\t\t\t<div class=\"wp-block-navigation__responsive-container-content\" \n\t\t\t\tdata-wp-watch=\"callbacks.focusFirstElement\"\n\t\t\t id=\"modal-1-content\">\n\t\t\t\t\t\t\t\t<ul class=\"wp-block-navigation__container is-responsive wp-block-navigation\"><li style=\"line-height:2.2;\" class=\" wp-block-navigation-item wp-block-navigation-link has-small-font-size\"><a class=\"wp-block-navigation-item__content\"  href=\"https:\/\/vs-arnoldstein.ksn.at\/v2\/index.php\/o-nas\/\"><span class=\"wp-block-navigation-item__label\">O nas<\/span><span class=\"wp-block-navigation-item__description\">\u00dcber uns &#8211; SLO<\/span><\/a><\/li><li style=\"line-height:2.2;\" class=\" wp-block-navigation-item wp-block-navigation-link has-small-font-size\"><a class=\"wp-block-navigation-item__content\"  href=\"https:\/\/vs-arnoldstein.ksn.at\/v2\/index.php\/297-2\/\"><span class=\"wp-block-navigation-item__label\">Splo\u0161ne informacije<\/span><span class=\"wp-block-navigation-item__description\">allgem. Informationen SLO<\/span><\/a><\/li><li style=\"line-height:2.2;\" class=\" wp-block-navigation-item wp-block-navigation-link has-small-font-size\"><a class=\"wp-block-navigation-item__content\"  href=\"https:\/\/vs-arnoldstein.ksn.at\/v2\/index.php\/kontakt-2\/\"><span class=\"wp-block-navigation-item__label\">Kontakt<\/span><\/a><\/li><li style=\"line-height:2.2;\" class=\" wp-block-navigation-item wp-block-navigation-link has-small-font-size\"><a class=\"wp-block-navigation-item__content\"  href=\"https:\/\/vs-arnoldstein.ksn.at\/v2\/index.php\/339-2\/\"><span class=\"wp-block-navigation-item__label\">Vstop v \u0161olo<\/span><\/a><\/li><li style=\"line-height:2.2;\" class=\" wp-block-navigation-item wp-block-navigation-link has-small-font-size\"><a class=\"wp-block-navigation-item__content\"  href=\"https:\/\/vs-arnoldstein.ksn.at\/v2\/index.php\/343-2\/\"><span class=\"wp-block-navigation-item__label\">Mo\u017enosti varstva otrok<\/span><\/a><\/li><\/ul>\n\t\t\t\t\t\t\t<\/div>\n\t\t\t\t\t\t<\/div>\n\t\t\t\t\t<\/div>\n\t\t\t\t<\/div><\/nav>\n\n\n<h1 class=\"wp-block-heading\">Splo\u0161ne informacije<\/h1>\n\n\n\n<p>Dobrodo\u0161li na strani za star\u0161e! Tu boste na\u0161li vse pomembne informacije o sodelovanju, organizaciji in vsakdanjiku na na\u0161i \u0161oli.<\/p>\n\n\n\n<h2 class=\"wp-block-heading\" style=\"font-size:clamp(16.293px, 1.018rem + ((1vw - 3.2px) * 0.989), 25px);\"><strong>1. Pouk<\/strong><\/h2>\n\n\n\n<p>Vstop v \u0161olo je mogo\u010d vsak dan od 7.25 dalje, pouk pa se za\u010dne ob 7.40.<\/p>\n\n\n\n<p>1. \u0161olska ura:  07.40\u201308.30<br>2. \u0161olska ura:  08.30\u201309.20<br>3. \u0161olska ura:  09.40\u201310.30<br>4. \u0161olska ura:  10.30\u201311.20<br>5. \u0161olska ura:  11.25\u201312.15<br>6. \u0161olska ura:  12.15\u201313.05<\/p>\n\n\n\n<h2 class=\"wp-block-heading\" style=\"font-size:clamp(16.293px, 1.018rem + ((1vw - 3.2px) * 0.989), 25px);\"><strong>2. Hi\u0161ni red<\/strong><\/h2>\n\n\n\n<p>Aktualni hi\u0161ni red si lahko prenesete tukaj. Upo\u0161tevajte, da pametne ure na na\u0161i \u0161oli niso dovoljene. <a href=\"https:\/\/vs-arnoldstein.ksn.at\/v2\/Ordner-fuer-Downloads\/Hausordnung.pdf\" target=\"_blank\" rel=\"noreferrer noopener nofollow\">Download Hausordnung<\/a> <\/p>\n\n\n\n<h2 class=\"wp-block-heading\" style=\"font-size:clamp(16.293px, 1.018rem + ((1vw - 3.2px) * 0.989), 25px);\"><strong>3. Komunikacija<\/strong><\/h2>\n\n\n\n<p>Komunikacija med \u0161olo in star\u0161i ve\u010dinoma poteka prek \u0161olske aplikacije.<\/p>\n\n\n\n<p>Na ta na\u010din lahko sporo\u010date odsotnost va\u0161ega otroka in prejemate pomembna obvestila. Prav tako so kadar koli mogo\u010di tudi osebni pogovori z u\u010ditelji. <\/p>\n\n\n\n<p>Dostop do aplikacije in dodatne informacije bodo posredovane v prvih tednih \u0161ole.<\/p>\n\n\n\n<h2 class=\"wp-block-heading\" style=\"font-size:clamp(16.293px, 1.018rem + ((1vw - 3.2px) * 0.989), 25px);\"><strong>4. Na\u0161e poslanstvo<\/strong><\/h2>\n\n\n\n<p>Izjavo o na\u0161em poslanstvu, v kateri so navedene vrednote in cilji na\u0161e \u0161ole, si lahko prenesete tukaj. <a href=\"https:\/\/vs-arnoldstein.ksn.at\/v2\/Ordner-fuer-Downloads\/Leitbild.pdf\" target=\"_blank\" rel=\"noreferrer noopener nofollow\">Download Leitbild<\/a><\/p>\n\n\n\n<h2 class=\"wp-block-heading\" style=\"font-size:clamp(16.293px, 1.018rem + ((1vw - 3.2px) * 0.989), 25px);\"><strong>5. Parkiranje in pot v \u0161olo<\/strong><\/h2>\n\n\n\n<p>Spodbujamo okolju prijazno pot v \u0161olo. \u010ce se v \u0161olo pripeljete z avtomobilom, vas prosimo, da parkirate v ulici Nussallee. Neposreden dostop do \u0161ole ni dovoljen. Do nas lahko z \u017eelezni\u0161ke postaje Podklo\u0161ter in bli\u017enjih avtobusnih postajali\u0161\u010d brez te\u017eav pridete pe\u0161.<\/p>\n\n\n\n<h2 class=\"wp-block-heading\" style=\"font-size:clamp(16.293px, 1.018rem + ((1vw - 3.2px) * 0.989), 25px);\"><strong>6. Sodelovanje in anga\u017eiranost<\/strong><\/h2>\n\n\n\n<details class=\"wp-block-details is-layout-flow wp-block-details-is-layout-flow\"><summary>Anga\u017eiranost star\u0161ev zelo cenimo in ponujamo razli\u010dne mo\u017enosti za sodelovanje.<\/summary>\n<p><strong>\u00b7\u202fDru\u0161tvo star\u0161ev:<\/strong><\/p>\n\n\n\n<p>Pridru\u017eitev dru\u0161tvu star\u0161ev vam omogo\u010da, da aktivno sodelujete pri dogajanju v \u0161oli in zagotavlja, da je glas star\u0161ev sli\u0161an pri pomembnih odlo\u010ditvah.<\/p>\n\n\n\n<p>Na\u0161e dru\u0161tvo star\u0161ev je bilo ustanovljeno leta 2024 in predstavlja aktivno skupnost star\u0161ev, ki si prizadeva za izbolj\u0161anje \u0161olskega okolja in podporo na\u0161im u\u010denkam in u\u010dencem. Dru\u0161tvo vam nudi platformo za neposredno vklju\u010ditev v \u0161olsko skupnost \u2013 bodisi s sodelovanjem pri dogodkih bodisi z udele\u017ebo pri razpravah o \u0161olskih temah. Ideje in predlogi so vedno dobrodo\u0161li.<\/p>\n\n\n\n<p>Na za\u010detku vsakega \u0161olskega leta vas vpra\u0161amo, ali \u017eelite postati \u010dlan. Kot \u010dlan s svojim letnim prispevkom ne prispevate le k financiranju pomembnih \u0161olskih projektov, temve\u010d tudi k podpori dru\u017einam v finan\u010dni stiski.<br><br><strong>\u00b7\u202fRazredni forum in \u0161olski forum:<\/strong><\/p>\n\n\n\n<p><strong>Razredni forum<\/strong> je sre\u010danje vseh star\u0161ev z razredni\u010darkami oziroma razredniki. Na teh sre\u010danjih se posredujejo pomembne informacije in razpravlja o zadevah, ki zadevajo vse otroke v razredu (na primer: ali naj se za ves razred naro\u010di dodatno pla\u010dljivo bralno gradivo in podobno). To je dobra prilo\u017enost, da izrazite \u017eelje, vpra\u0161anja ali predloge, ki se nana\u0161ajo na razred. Kolikokrat na leto se forum izvede, je razli\u010dno. Na za\u010detku \u0161olskega leta pa sre\u010danje vedno poteka. V okviru tega sre\u010danja se izvoli predstavnik star\u0161ev razreda in njegov namestnik. Oba postaneta \u010dlana \u0161olskega foruma.<\/p>\n\n\n\n<p><strong>\u0160olski forum<\/strong> je pomemben organ na avstrijskih obveznih \u0161olah, ki obravnava pomembne \u0161olske zadeve. Sestavljajo ga ravnatelj, vsi razredniki in star\u0161evski predstavniki posameznih razredov. Skli\u010de ga ravnatelj v prvih devetih tednih vsakega \u0161olskega leta. V tem forumu se sprejemajo odlo\u010ditve, ki zadevajo ve\u010d razredov \u2013 na primer izvedba ve\u010ddnevnih \u0161olskih prireditev ali dolo\u010ditev \u0161olskih u\u010dnih na\u010drtov v okviru avtonomije \u0161ole. \u0160olski forum ima osrednjo vlogo pri oblikovanju \u0161olskega vsakdana in spodbuja sodelovanje med u\u010ditelji in star\u0161i.<br><br><strong>\u00b7\u202fNeposredna komunikacija z ravnateljstvom:<\/strong><\/p>\n\n\n\n<p>Va\u0161e pobude so za nas pomembne. \u010ce \u017eelite sodelovati na druga\u010den na\u010din, se prosimo obrnite neposredno na u\u010ditelje ali na ravnateljstvo.<\/p>\n<\/details>\n\n\n\n<h2 class=\"wp-block-heading\" style=\"font-size:clamp(16.293px, 1.018rem + ((1vw - 3.2px) * 0.989), 25px);\"><strong>7. Zdru\u017eenje star\u0161ev<\/strong><\/h2>\n\n\n\n<p>Na na\u0161i \u0161oli od \u0161olskega leta 2023\/2024 deluje zdru\u017eenje star\u0161ev. Dodatne informacije so na voljo v ustreznem meniju.<\/p>\n\n\n\n<p><\/p>\n\n\n\n<p><\/p>\n","protected":false},"excerpt":{"rendered":"<p>Splo\u0161ne informacije Dobrodo\u0161li na strani za star\u0161e! Tu boste na\u0161li vse pomembne informacije o sodelovanju, organizaciji in vsakdanjiku na na\u0161i \u0161oli. 1. Pouk Vstop v \u0161olo je mogo\u010d vsak dan od 7.25 dalje, pouk pa se za\u010dne ob 7.40. 1. \u0161olska ura: 07.40\u201308.302. \u0161olska ura: 08.30\u201309.203. \u0161olska ura: 09.40\u201310.304. \u0161olska ura: 10.30\u201311.205. \u0161olska ura: 11.25\u201312.156. [&hellip;]<\/p>\n","protected":false},"author":1,"featured_media":0,"parent":0,"menu_order":0,"comment_status":"closed","ping_status":"closed","template":"","meta":{"footnotes":""},"class_list":["post-297","page","type-page","status-publish","hentry"],"_links":{"self":[{"href":"https:\/\/vs-arnoldstein.ksn.at\/v2\/wp-json\/wp\/v2\/pages\/297","targetHints":{"allow":["GET"]}}],"collection":[{"href":"https:\/\/vs-arnoldstein.ksn.at\/v2\/wp-json\/wp\/v2\/pages"}],"about":[{"href":"https:\/\/vs-arnoldstein.ksn.at\/v2\/wp-json\/wp\/v2\/types\/page"}],"author":[{"embeddable":true,"href":"https:\/\/vs-arnoldstein.ksn.at\/v2\/wp-json\/wp\/v2\/users\/1"}],"replies":[{"embeddable":true,"href":"https:\/\/vs-arnoldstein.ksn.at\/v2\/wp-json\/wp\/v2\/comments?post=297"}],"version-history":[{"count":7,"href":"https:\/\/vs-arnoldstein.ksn.at\/v2\/wp-json\/wp\/v2\/pages\/297\/revisions"}],"predecessor-version":[{"id":396,"href":"https:\/\/vs-arnoldstein.ksn.at\/v2\/wp-json\/wp\/v2\/pages\/297\/revisions\/396"}],"wp:attachment":[{"href":"https:\/\/vs-arnoldstein.ksn.at\/v2\/wp-json\/wp\/v2\/media?parent=297"}],"curies":[{"name":"wp","href":"https:\/\/api.w.org\/{rel}","templated":true}]}}